{"id":9,"date":"2018-04-26T18:42:44","date_gmt":"2018-04-26T18:42:44","guid":{"rendered":"http:\/\/www.katarinahall.se\/?page_id=9"},"modified":"2018-04-26T18:42:44","modified_gmt":"2018-04-26T18:42:44","slug":"om-mig","status":"publish","type":"page","link":"http:\/\/www.katarinahall.se\/?page_id=9","title":{"rendered":"Om mig"},"content":{"rendered":"<p>Hej och h\u00e5, v\u00e4lkommen till min webbsida som handlar om m\u00f6bler, inredning och allt som har med design att g\u00f6ra. Lite belysning och annat kommer det att bjudas p\u00e5 naturligtvis och en del personliga inl\u00e4gg. Jag hoppas du kontaktar mig om du tycker jag kan f\u00f6rb\u00e4ttra n\u00e5got eller om du vill se mig skriva om n\u00e5got specifikt. Jag hoppas s\u00e5klart att bloggen v\u00e4xer och d\u00e4rf\u00f6r uppskattar jag varje l\u00e4sare som bes\u00f6ker sidan!<\/p>\n<p>Kram!<\/p>\n","protected":false},"excerpt":{"rendered":"<p>Hej och h\u00e5, v\u00e4lkommen till min webbsida som handlar om m\u00f6bler, inredning och allt som har med design att g\u00f6ra. Lite belysning och annat kommer det att bjudas p\u00e5 naturligtvis och en del personliga inl\u00e4gg. Jag hoppas du kontaktar mig om du tycker jag kan f\u00f6rb\u00e4ttra n\u00e5got eller om du vill se mig skriva om<\/p>\n<div class=\"clear\"><\/div>\n<p><a class=\"ReadMore\" href=\"http:\/\/www.katarinahall.se\/?page_id=9\">Read More<\/a><\/p>\n","protected":false},"author":1,"featured_media":0,"parent":0,"menu_order":0,"comment_status":"closed","ping_status":"closed","template":"","meta":{"footnotes":""},"_links":{"self":[{"href":"http:\/\/www.katarinahall.se\/index.php?rest_route=\/wp\/v2\/pages\/9"}],"collection":[{"href":"http:\/\/www.katarinahall.se\/index.php?rest_route=\/wp\/v2\/pages"}],"about":[{"href":"http:\/\/www.katarinahall.se\/index.php?rest_route=\/wp\/v2\/types\/page"}],"author":[{"embeddable":true,"href":"http:\/\/www.katarinahall.se\/index.php?rest_route=\/wp\/v2\/users\/1"}],"replies":[{"embeddable":true,"href":"http:\/\/www.katarinahall.se\/index.php?rest_route=%2Fwp%2Fv2%2Fcomments&post=9"}],"version-history":[{"count":1,"href":"http:\/\/www.katarinahall.se\/index.php?rest_route=\/wp\/v2\/pages\/9\/revisions"}],"predecessor-version":[{"id":10,"href":"http:\/\/www.katarinahall.se\/index.php?rest_route=\/wp\/v2\/pages\/9\/revisions\/10"}],"wp:attachment":[{"href":"http:\/\/www.katarinahall.se\/index.php?rest_route=%2Fwp%2Fv2%2Fmedia&parent=9"}],"curies":[{"name":"wp","href":"https:\/\/api.w.org\/{rel}","templated":true}]}}